{"id":3490,"date":"2024-02-13T12:09:40","date_gmt":"2024-02-13T12:09:40","guid":{"rendered":"https:\/\/theravada.com\/condiciones-del-sitio-web\/"},"modified":"2024-02-16T15:41:31","modified_gmt":"2024-02-16T15:41:31","slug":"condiciones-del-sitio-web","status":"publish","type":"page","link":"https:\/\/theravada.com\/es\/condiciones-del-sitio-web\/","title":{"rendered":"Condiciones del sitio web"},"content":{"rendered":"\n<div class=\"wp-block-uagb-container uagb-block-025c2307 alignfull uagb-is-root-container\"><div class=\"uagb-container__shape uagb-container__shape-top\"><svg xmlns=\"https:\/\/www.w3.org\/2000\/svg\" viewBox=\"0 0 2600 131.1\" preserveAspectRatio=\"none\"><path class=\"uagb-container__shape-fill\" d=\"M0 0L2600 0 2600 69.1 0 0z\"><\/path><path class=\"uagb-container__shape-fill\" opacity=\"0.5\" d=\"M0 0L2600 0 2600 69.1 0 69.1z\"><\/path><path class=\"uagb-container__shape-fill\" opacity=\"0.25\" d=\"M2600 0L0 0 0 130.1 2600 69.1z\"><\/path><\/svg><\/div><div class=\"uagb-container__shape uagb-container__shape-bottom uagb-container__invert\" data-negative=\"false\"><svg xmlns=\"https:\/\/www.w3.org\/2000\/svg\" viewBox=\"0 0 2600 131.1\" preserveAspectRatio=\"none\"><path class=\"uagb-container__shape-fill\" d=\"M0 0L2600 0 2600 69.1 0 0z\"><\/path><path class=\"uagb-container__shape-fill\" opacity=\"0.5\" d=\"M0 0L2600 0 2600 69.1 0 69.1z\"><\/path><path class=\"uagb-container__shape-fill\" opacity=\"0.25\" d=\"M2600 0L0 0 0 130.1 2600 69.1z\"><\/path><\/svg><\/div><div class=\"uagb-container-inner-blocks-wrap\">\n<div class=\"wp-block-cover is-light\" style=\"margin-top:0;margin-bottom:0;padding-top:0;padding-right:0;padding-bottom:0;padding-left:0;min-height:430px;aspect-ratio:unset;\"><span aria-hidden=\"true\" class=\"wp-block-cover__background has-background-dim-0 has-background-dim\"><\/span><div class=\"wp-block-cover__inner-container is-layout-constrained wp-container-core-cover-is-layout-d7d66a71 wp-block-cover-is-layout-constrained\">\n<h1 class=\"wp-block-heading has-text-align-center has-theravada-light-color has-text-color has-link-color has-fon-theravada-xxl-font-size wp-elements-338c5fc25155b102a62eeecf3cf2c86b\" style=\"padding-right:0;padding-left:0\">Condiciones del sitio web<\/h1>\n<\/div><\/div>\n<\/div><\/div>\n\n<div class=\"wp-block-uagb-container uagb-block-1f2d515c alignfull uagb-is-root-container\"><div class=\"uagb-container-inner-blocks-wrap\">\n<div class=\"wp-block-columns are-vertically-aligned-top is-layout-flex wp-container-core-columns-is-layout-d0b3c9c8 wp-block-columns-is-layout-flex\">\n<div class=\"wp-block-column is-vertically-aligned-top is-layout-flow wp-block-column-is-layout-flow\">\n<p>Estas condiciones de uso regulan el uso de nuestro sitio web. Lea estas condiciones en su totalidad antes de utilizar este sitio web. Si no acepta estas condiciones de uso, no utilice este sitio web. El uso continuado de este sitio confirma su aceptaci\u00f3n de estas condiciones.<\/p>\n\n\n\n<h2 class=\"wp-block-heading\">Acceda a<\/h2>\n\n\n\n<ul class=\"wp-block-list\">\n<li>No es necesario registrarse con nosotros para utilizar la mayor parte del sitio o adquirir productos o servicios.<\/li>\n\n\n\n<li>Puede utilizar este sitio para fines privados y de conformidad con estas condiciones de uso.<\/li>\n\n\n\n<li>Puede imprimir y descargar material de este sitio siempre que respete la legislaci\u00f3n vigente sobre derechos de autor.<\/li>\n<\/ul>\n\n\n\n<h2 class=\"wp-block-heading\">Material proporcionado por los visitantes<\/h2>\n\n\n\n<ul class=\"wp-block-list\">\n<li>Cualquier material que un visitante de este sitio web env\u00ede o publique en \u00e9l se considerar\u00e1 no registrado y no confidencial. Tendremos derecho a copiar, divulgar, distribuir o utilizar para cualquier otro fin que consideremos oportuno todo el material que se nos facilite, a excepci\u00f3n de la informaci\u00f3n personal, cuyo uso est\u00e1 contemplado en nuestra <a href=\"https:\/\/theravada.com\/privacy-policy\/\">Pol\u00edtica de privacidad<\/a>.<\/li>\n\n\n\n<li>Cuando utilice este sitio web, no publicar\u00e1 ni enviar\u00e1 a o desde este sitio web ning\u00fan material:\n<ul class=\"wp-block-list\">\n<li>(a) para las que no haya obtenido todos los consentimientos necesarios;<\/li>\n\n\n\n<li>(b) que sea discriminatoria, obscena, pornogr\u00e1fica, difamatoria, susceptible de incitar al odio racial, que viole la confidencialidad o la privacidad, que pueda causar molestias o inconvenientes a terceros, que fomente o constituya una conducta que se considerar\u00eda un delito penal, que d\u00e9 lugar a una responsabilidad civil o que sea contraria a la ley en el Reino Unido;<\/li>\n\n\n\n<li>(c) que sea de naturaleza da\u00f1ina, incluidos, entre otros, virus inform\u00e1ticos, troyanos, datos corruptos u otros programas o datos potencialmente da\u00f1inos.<\/li>\n<\/ul>\n<\/li>\n<\/ul>\n\n\n\n<h2 class=\"wp-block-heading\">Enlaces hacia y desde otros sitios web<\/h2>\n\n\n\n<ul class=\"wp-block-list\">\n<li>En este sitio web puede encontrar enlaces a sitios web de terceros. La inclusi\u00f3n de un enlace a un sitio web de este tipo no significa que aprobemos dicho sitio web. Si visita cualquier sitio web a trav\u00e9s de un enlace de este sitio web, lo hace por su cuenta y riesgo.<\/li>\n\n\n\n<li>Cualquier parte que desee establecer un enlace con este sitio web tiene derecho a hacerlo siempre que respete las condiciones que figuran a continuaci\u00f3n:\n<ul class=\"wp-block-list\">\n<li>(a) no intente dar a entender que respaldamos los servicios o productos de terceros, a menos que lo haya acordado con nosotros por escrito;<\/li>\n\n\n\n<li>(b) no tergiverse su relaci\u00f3n con este sitio web o con Theravada Solutions Limited; y<\/li>\n\n\n\n<li>(c) el sitio web desde el que se enlaza a este sitio web no contiene contenidos ofensivos o controvertidos o que infrinjan los derechos de propiedad intelectual u otros derechos de terceros.<\/li>\n<\/ul>\n<\/li>\n\n\n\n<li>Al enlazar con este sitio web incumpliendo las cl\u00e1usulas, deber\u00e1 indemnizarnos por cualquier p\u00e9rdida o da\u00f1o que sufra este sitio web como consecuencia de dicho enlace.<\/li>\n<\/ul>\n\n\n\n<h2 class=\"wp-block-heading\">Descargo de responsabilidad<\/h2>\n\n\n\n<ul class=\"wp-block-list\">\n<li>Aunque tomamos todas las medidas razonables para asegurarnos de que la informaci\u00f3n de este sitio web est\u00e9 actualizada y sea exacta en todo momento, no garantizamos que todo el material sea exacto o est\u00e9 actualizado.<\/li>\n\n\n\n<li>Todo el material contenido en este sitio web se facilita sin ning\u00fan tipo de garant\u00eda. Usted utiliza el material de este sitio web a su propia discreci\u00f3n.<\/li>\n<\/ul>\n\n\n\n<h2 class=\"wp-block-heading\">Exclusi\u00f3n de responsabilidad<\/h2>\n\n\n\n<ul class=\"wp-block-list\">\n<li>No aceptamos responsabilidad alguna por las p\u00e9rdidas o da\u00f1os que sufra como consecuencia del uso de este sitio web.<\/li>\n\n\n\n<li>Nada de lo dispuesto en estas Condiciones de uso excluir\u00e1 o limitar\u00e1 la responsabilidad por muerte o lesiones personales causadas por negligencia que no pueda excluirse o en virtud de la legislaci\u00f3n del Reino Unido.<\/li>\n<\/ul>\n\n\n\n<h2 class=\"wp-block-heading\">Derecho y jurisdicci\u00f3n<\/h2>\n\n\n\n<p>Estas condiciones de uso se rigen por la legislaci\u00f3n inglesa. Cualquier disputa que surja en relaci\u00f3n con estas condiciones de uso estar\u00e1 sujeta a la jurisdicci\u00f3n exclusiva de los Tribunales de Inglaterra y Gales.<\/p>\n<\/div>\n<\/div>\n\n\n\n<p><\/p>\n<\/div><\/div>\n\n<div class=\"wp-block-group is-content-justification-center is-nowrap is-layout-flex wp-container-core-group-is-layout-775de51a wp-block-group-is-layout-flex\" style=\"margin-top:0;margin-bottom:0\">\n<div data-aos= \"fade-up\" data-aos-duration=\"400\" data-aos-delay=\"0\" data-aos-easing=\"ease\" data-aos-once=\"true\" class=\"wp-block-uagb-image uagb-block-44166f11 wp-block-uagb-image--layout-default wp-block-uagb-image--effect-zoomin wp-block-uagb-image--align-none\"><figure class=\"wp-block-uagb-image__figure\"><img decoding=\"async\" srcset=\"https:\/\/theravada.com\/wp-content\/uploads\/2023\/12\/Krispy-Kreme-Logo-500x281-1.png ,https:\/\/theravada.com\/wp-content\/uploads\/2023\/12\/Krispy-Kreme-Logo-500x281-1.png 780w, https:\/\/theravada.com\/wp-content\/uploads\/2023\/12\/Krispy-Kreme-Logo-500x281-1.png 360w\" sizes=\"auto, (max-width: 480px) 150px\" src=\"https:\/\/theravada.com\/wp-content\/uploads\/2023\/12\/Krispy-Kreme-Logo-500x281-1.png\" alt=\"\" class=\"uag-image-95\" width=\"147\" height=\"74\" title=\"\" loading=\"lazy\"\/><\/figure><\/div>\n\n\n\n<div data-aos= \"fade-up\" data-aos-duration=\"400\" data-aos-delay=\"0\" data-aos-easing=\"ease\" data-aos-once=\"true\" class=\"wp-block-uagb-image uagb-block-4f4019d3 wp-block-uagb-image--layout-default wp-block-uagb-image--effect-zoomin wp-block-uagb-image--align-none\"><figure class=\"wp-block-uagb-image__figure\"><img decoding=\"async\" srcset=\"https:\/\/theravada.com\/wp-content\/uploads\/2024\/01\/Popeyes-Logo-edited-2400x1600.png ,https:\/\/theravada.com\/wp-content\/uploads\/2024\/01\/Popeyes-Logo-edited.png 780w, https:\/\/theravada.com\/wp-content\/uploads\/2024\/01\/Popeyes-Logo-edited.png 360w\" sizes=\"auto, (max-width: 480px) 150px\" src=\"https:\/\/theravada.com\/wp-content\/uploads\/2024\/01\/Popeyes-Logo-edited-2400x1600.png\" alt=\"\" class=\"uag-image-672\" width=\"111\" height=\"73\" title=\"\" loading=\"lazy\"\/><\/figure><\/div>\n\n\n\n<div data-aos= \"fade-up\" data-aos-duration=\"400\" data-aos-delay=\"0\" data-aos-easing=\"ease\" data-aos-once=\"true\" class=\"wp-block-uagb-image uagb-block-d55c989b wp-block-uagb-image--layout-default wp-block-uagb-image--effect-zoomin wp-block-uagb-image--align-none\"><figure class=\"wp-block-uagb-image__figure\"><img decoding=\"async\" srcset=\"https:\/\/theravada.com\/wp-content\/uploads\/2024\/01\/kisspng-carnival-cruise-line-cruise-ship-carnival-inspirat-5ae62418541292.4428338015250319603444.png ,https:\/\/theravada.com\/wp-content\/uploads\/2024\/01\/kisspng-carnival-cruise-line-cruise-ship-carnival-inspirat-5ae62418541292.4428338015250319603444.png 780w, https:\/\/theravada.com\/wp-content\/uploads\/2024\/01\/kisspng-carnival-cruise-line-cruise-ship-carnival-inspirat-5ae62418541292.4428338015250319603444.png 360w\" sizes=\"auto, (max-width: 480px) 150px\" src=\"https:\/\/theravada.com\/wp-content\/uploads\/2024\/01\/kisspng-carnival-cruise-line-cruise-ship-carnival-inspirat-5ae62418541292.4428338015250319603444.png\" alt=\"\" class=\"uag-image-671\" width=\"146\" height=\"47\" title=\"\" loading=\"lazy\"\/><\/figure><\/div>\n\n\n\n<div data-aos= \"fade-up\" data-aos-duration=\"400\" data-aos-delay=\"0\" data-aos-easing=\"ease\" data-aos-once=\"true\" class=\"wp-block-uagb-image uagb-block-32e43656 wp-block-uagb-image--layout-default wp-block-uagb-image--effect-zoomin wp-block-uagb-image--align-none\"><figure class=\"wp-block-uagb-image__figure\"><img decoding=\"async\" srcset=\"https:\/\/theravada.com\/wp-content\/uploads\/2024\/01\/burger-king-logo-logo-png-transparent.png ,https:\/\/theravada.com\/wp-content\/uploads\/2024\/01\/burger-king-logo-logo-png-transparent.png 780w, https:\/\/theravada.com\/wp-content\/uploads\/2024\/01\/burger-king-logo-logo-png-transparent.png 360w\" sizes=\"auto, (max-width: 480px) 150px\" src=\"https:\/\/theravada.com\/wp-content\/uploads\/2024\/01\/burger-king-logo-logo-png-transparent.png\" alt=\"\" class=\"uag-image-577\" width=\"91\" height=\"51\" title=\"\" loading=\"lazy\"\/><\/figure><\/div>\n\n\n\n<div data-aos= \"fade-up\" data-aos-duration=\"400\" data-aos-delay=\"0\" data-aos-easing=\"ease\" data-aos-once=\"true\" class=\"wp-block-uagb-image uagb-block-ddb59cae wp-block-uagb-image--layout-default wp-block-uagb-image--effect-zoomin wp-block-uagb-image--align-none\"><figure class=\"wp-block-uagb-image__figure\"><img decoding=\"async\" srcset=\"https:\/\/theravada.com\/wp-content\/uploads\/2023\/12\/EHG_Logo_Eat-Happy.png ,https:\/\/theravada.com\/wp-content\/uploads\/2023\/12\/EHG_Logo_Eat-Happy.png 780w, https:\/\/theravada.com\/wp-content\/uploads\/2023\/12\/EHG_Logo_Eat-Happy.png 360w\" sizes=\"auto, (max-width: 480px) 150px\" src=\"https:\/\/theravada.com\/wp-content\/uploads\/2023\/12\/EHG_Logo_Eat-Happy.png\" alt=\"\" class=\"uag-image-92\" width=\"165\" height=\"110\" title=\"\" loading=\"lazy\"\/><\/figure><\/div>\n\n\n\n<div data-aos= \"fade-up\" data-aos-duration=\"400\" data-aos-delay=\"0\" data-aos-easing=\"ease\" data-aos-once=\"true\" class=\"wp-block-uagb-image uagb-block-e044cad4 wp-block-uagb-image--layout-default wp-block-uagb-image--effect-zoomin wp-block-uagb-image--align-none\"><figure class=\"wp-block-uagb-image__figure\"><img decoding=\"async\" srcset=\"https:\/\/theravada.com\/wp-content\/uploads\/2023\/12\/mcdonalds-15-logo-png-transparent.png ,https:\/\/theravada.com\/wp-content\/uploads\/2023\/12\/mcdonalds-15-logo-png-transparent.png 780w, https:\/\/theravada.com\/wp-content\/uploads\/2023\/12\/mcdonalds-15-logo-png-transparent.png 360w\" sizes=\"auto, (max-width: 480px) 150px\" src=\"https:\/\/theravada.com\/wp-content\/uploads\/2023\/12\/mcdonalds-15-logo-png-transparent.png\" alt=\"\" class=\"uag-image-99\" width=\"95\" height=\"3\" title=\"\" loading=\"lazy\"\/><\/figure><\/div>\n\n\n\n<div data-aos= \"fade-up\" data-aos-duration=\"400\" data-aos-delay=\"0\" data-aos-easing=\"ease\" data-aos-once=\"true\" class=\"wp-block-uagb-image uagb-block-8d1e2f1c wp-block-uagb-image--layout-default wp-block-uagb-image--effect-zoomin wp-block-uagb-image--align-none\"><figure class=\"wp-block-uagb-image__figure\"><img decoding=\"async\" srcset=\"https:\/\/theravada.com\/wp-content\/uploads\/2024\/01\/Ghirardelli_Chocolate_Company_Logo.svg-2400x916.png ,https:\/\/theravada.com\/wp-content\/uploads\/2024\/01\/Ghirardelli_Chocolate_Company_Logo.svg.png 780w, https:\/\/theravada.com\/wp-content\/uploads\/2024\/01\/Ghirardelli_Chocolate_Company_Logo.svg.png 360w\" sizes=\"auto, (max-width: 480px) 150px\" src=\"https:\/\/theravada.com\/wp-content\/uploads\/2024\/01\/Ghirardelli_Chocolate_Company_Logo.svg-2400x916.png\" alt=\"\" class=\"uag-image-583\" width=\"166\" height=\"63\" title=\"\" loading=\"lazy\"\/><\/figure><\/div>\n\n\n\n<div data-aos= \"fade-up\" data-aos-duration=\"400\" data-aos-delay=\"0\" data-aos-easing=\"ease\" data-aos-once=\"true\" class=\"wp-block-uagb-image uagb-block-2bad8fd8 wp-block-uagb-image--layout-default wp-block-uagb-image--effect-zoomin wp-block-uagb-image--align-none\"><figure class=\"wp-block-uagb-image__figure\"><img decoding=\"async\" srcset=\"https:\/\/theravada.com\/wp-content\/uploads\/2024\/01\/logo192.png ,https:\/\/theravada.com\/wp-content\/uploads\/2024\/01\/logo192.png 780w, https:\/\/theravada.com\/wp-content\/uploads\/2024\/01\/logo192.png 360w\" sizes=\"auto, (max-width: 480px) 150px\" src=\"https:\/\/theravada.com\/wp-content\/uploads\/2024\/01\/logo192.png\" alt=\"\" class=\"uag-image-727\" width=\"100\" height=\"54\" title=\"\" loading=\"lazy\"\/><\/figure><\/div>\n\n\n\n<div data-aos= \"fade-up\" data-aos-duration=\"400\" data-aos-delay=\"0\" data-aos-easing=\"ease\" data-aos-once=\"true\" class=\"wp-block-uagb-image uagb-block-61b2c029 wp-block-uagb-image--layout-default wp-block-uagb-image--effect-zoomin wp-block-uagb-image--align-none\"><figure class=\"wp-block-uagb-image__figure\"><img decoding=\"async\" srcset=\"https:\/\/theravada.com\/wp-content\/uploads\/2024\/01\/Lindt-Logo-2400x1500.png ,https:\/\/theravada.com\/wp-content\/uploads\/2024\/01\/Lindt-Logo.png 780w, https:\/\/theravada.com\/wp-content\/uploads\/2024\/01\/Lindt-Logo.png 360w\" sizes=\"auto, (max-width: 480px) 150px\" src=\"https:\/\/theravada.com\/wp-content\/uploads\/2024\/01\/Lindt-Logo-2400x1500.png\" alt=\"\" class=\"uag-image-728\" width=\"142\" height=\"88\" title=\"\" loading=\"lazy\"\/><\/figure><\/div>\n\n\n\n<div data-aos= \"fade-up\" data-aos-duration=\"400\" data-aos-delay=\"0\" data-aos-easing=\"ease\" data-aos-once=\"true\" class=\"wp-block-uagb-image uagb-block-e1029642 wp-block-uagb-image--layout-default wp-block-uagb-image--effect-zoomin wp-block-uagb-image--align-none\"><figure class=\"wp-block-uagb-image__figure\"><img decoding=\"async\" srcset=\"https:\/\/theravada.com\/wp-content\/uploads\/2024\/01\/1200px-KFC_logo.svg.png ,https:\/\/theravada.com\/wp-content\/uploads\/2024\/01\/1200px-KFC_logo.svg.png 780w, https:\/\/theravada.com\/wp-content\/uploads\/2024\/01\/1200px-KFC_logo.svg.png 360w\" sizes=\"auto, (max-width: 480px) 150px\" src=\"https:\/\/theravada.com\/wp-content\/uploads\/2024\/01\/1200px-KFC_logo.svg.png\" alt=\"\" class=\"uag-image-578\" width=\"96\" height=\"96\" title=\"\" loading=\"lazy\"\/><\/figure><\/div>\n\n\n\n<div data-aos= \"fade-up\" data-aos-duration=\"400\" data-aos-delay=\"0\" data-aos-easing=\"ease\" data-aos-once=\"true\" class=\"wp-block-uagb-image uagb-block-f65331b7 wp-block-uagb-image--layout-default wp-block-uagb-image--effect-zoomin wp-block-uagb-image--align-none\"><figure class=\"wp-block-uagb-image__figure\"><img decoding=\"async\" srcset=\"https:\/\/theravada.com\/wp-content\/uploads\/2023\/12\/HUEL-LOGO-1500x591-1.png ,https:\/\/theravada.com\/wp-content\/uploads\/2023\/12\/HUEL-LOGO-1500x591-1.png 780w, https:\/\/theravada.com\/wp-content\/uploads\/2023\/12\/HUEL-LOGO-1500x591-1.png 360w\" sizes=\"auto, (max-width: 480px) 150px\" src=\"https:\/\/theravada.com\/wp-content\/uploads\/2023\/12\/HUEL-LOGO-1500x591-1.png\" alt=\"\" class=\"uag-image-97\" width=\"122\" height=\"33\" title=\"\" loading=\"lazy\"\/><\/figure><\/div>\n\n\n\n<div data-aos= \"fade-up\" data-aos-duration=\"400\" data-aos-delay=\"0\" data-aos-easing=\"ease\" data-aos-once=\"true\" class=\"wp-block-uagb-image uagb-block-f7489c4b wp-block-uagb-image--layout-default wp-block-uagb-image--effect-zoomin wp-block-uagb-image--align-none\"><figure class=\"wp-block-uagb-image__figure\"><img decoding=\"async\" srcset=\"https:\/\/theravada.com\/wp-content\/uploads\/2024\/01\/logo.png ,https:\/\/theravada.com\/wp-content\/uploads\/2024\/01\/logo.png 780w, https:\/\/theravada.com\/wp-content\/uploads\/2024\/01\/logo.png 360w\" sizes=\"auto, (max-width: 480px) 150px\" src=\"https:\/\/theravada.com\/wp-content\/uploads\/2024\/01\/logo.png\" alt=\"\" class=\"uag-image-729\" width=\"121\" height=\"121\" title=\"\" loading=\"lazy\"\/><\/figure><\/div>\n<\/div>\n\n<div class=\"wp-block-uagb-container uagb-block-pvs7xso2 alignfull uagb-is-root-container\"><div class=\"uagb-container-inner-blocks-wrap\">\n<div class=\"wp-block-uagb-container uagb-block-drmwnoup\">\n<div class=\"wp-block-uagb-info-box uagb-block-ylq8d5ua uagb-infobox__content-wrap  uagb-infobox-icon-above-title uagb-infobox-image-valign-top\"><div class=\"uagb-ifb-content\"><div class=\"uagb-ifb-title-wrap\"><h2 class=\"uagb-ifb-title\">P\u00f3ngase en contacto con nosotros para obtener asistencia especializada y servicios digitales a medida<\/h2><\/div><\/div><\/div>\n<\/div>\n\n\n\n<div class=\"wp-block-uagb-container uagb-block-js9ekwtu\">\n<div class=\"wp-block-uagb-info-box uagb-block-mfojt9u6 uagb-infobox__content-wrap  uagb-infobox-icon-above-title uagb-infobox-image-valign-top\"><div class=\"uagb-ifb-content\"><div class=\"uagb-ifb-title-wrap\"><\/div><p class=\"uagb-ifb-desc\">P\u00f3ngase en contacto con nosotros para ver c\u00f3mo podemos hacer realidad su visi\u00f3n. \u00danete a nosotros para dar forma al futuro.<\/p><\/div><\/div>\n\n\n\n<div class=\"wp-block-uagb-buttons uagb-buttons__outer-wrap uagb-btn__default-btn uagb-btn-tablet__default-btn uagb-btn-mobile__default-btn uagb-block-wfgsmink\"><div class=\"uagb-buttons__wrap uagb-buttons-layout-wrap\">\n<div class=\"wp-block-uagb-buttons-child uagb-buttons__outer-wrap uagb-block-nz4ukfpv wp-block-button\"><div class=\"uagb-button__wrapper\"><a class=\"uagb-buttons-repeater wp-block-button__link\" href=\"#\" onclick=\"return false;\" rel=\"follow noopener\" target=\"_self\"><div class=\"uagb-button__link\">Comenzar<\/div><\/a><\/div><\/div>\n<\/div><\/div>\n<\/div>\n<\/div><\/div>\n","protected":false},"excerpt":{"rendered":"<p>Estas condiciones de uso regulan el uso de nuestro sitio web. Lea estas condiciones en su totalidad antes de utilizar este sitio web. Si no acepta estas condiciones de uso, no utilice este sitio web. El uso continuado de este sitio confirma su aceptaci\u00f3n de estas condiciones. Acceda a Material proporcionado por los visitantes Enlaces [&hellip;]<\/p>\n","protected":false},"author":2,"featured_media":0,"parent":0,"menu_order":0,"comment_status":"closed","ping_status":"closed","template":"","meta":{"_surecart_dashboard_logo_width":"180px","_surecart_dashboard_show_logo":true,"_surecart_dashboard_navigation_orders":true,"_surecart_dashboard_navigation_invoices":true,"_surecart_dashboard_navigation_subscriptions":true,"_surecart_dashboard_navigation_downloads":true,"_surecart_dashboard_navigation_billing":true,"_surecart_dashboard_navigation_account":true,"_uag_custom_page_level_css":"","iawp_total_views":15,"footnotes":""},"class_list":["post-3490","page","type-page","status-publish","hentry"],"uagb_featured_image_src":{"full":false,"thumbnail":false,"medium":false,"medium_large":false,"large":false,"1536x1536":false,"2048x2048":false},"uagb_author_info":{"display_name":"CormacAdmin","author_link":"https:\/\/theravada.com\/es\/author\/cormacadmin\/"},"uagb_comment_info":0,"uagb_excerpt":"Estas condiciones de uso regulan el uso de nuestro sitio web. Lea estas condiciones en su totalidad antes de utilizar este sitio web. Si no acepta estas condiciones de uso, no utilice este sitio web. El uso continuado de este sitio confirma su aceptaci\u00f3n de estas condiciones. Acceda a Material proporcionado por los visitantes Enlaces&hellip;","_links":{"self":[{"href":"https:\/\/theravada.com\/es\/wp-json\/wp\/v2\/pages\/3490","targetHints":{"allow":["GET"]}}],"collection":[{"href":"https:\/\/theravada.com\/es\/wp-json\/wp\/v2\/pages"}],"about":[{"href":"https:\/\/theravada.com\/es\/wp-json\/wp\/v2\/types\/page"}],"author":[{"embeddable":true,"href":"https:\/\/theravada.com\/es\/wp-json\/wp\/v2\/users\/2"}],"replies":[{"embeddable":true,"href":"https:\/\/theravada.com\/es\/wp-json\/wp\/v2\/comments?post=3490"}],"version-history":[{"count":0,"href":"https:\/\/theravada.com\/es\/wp-json\/wp\/v2\/pages\/3490\/revisions"}],"wp:attachment":[{"href":"https:\/\/theravada.com\/es\/wp-json\/wp\/v2\/media?parent=3490"}],"curies":[{"name":"wp","href":"https:\/\/api.w.org\/{rel}","templated":true}]}}